{"id":15124,"date":"2021-02-15T16:45:02","date_gmt":"2021-02-15T16:45:02","guid":{"rendered":"https:\/\/247goods.at\/?page_id=15124"},"modified":"2021-02-15T17:05:38","modified_gmt":"2021-02-15T17:05:38","slug":"impressum","status":"publish","type":"page","link":"https:\/\/lagercity.at\/index.php\/impressum\/","title":{"rendered":"Impressum"},"content":{"rendered":"<p>[vc_row][vc_column]<div id=\"ultimate-heading-361169e325d87f066\" class=\"uvc-heading ult-adjust-bottom-margin ultimate-heading-361169e325d87f066 uvc-3169 \" data-hspacer=\"no_spacer\"  data-halign=\"left\" style=\"text-align:left\"><div class=\"uvc-heading-spacer no_spacer\" style=\"top\"><\/div><div class=\"uvc-main-heading ult-responsive\"  data-ultimate-target='.uvc-heading.ultimate-heading-361169e325d87f066 h2'  data-responsive-json-new='{\"font-size\":\"desktop:34px;\",\"line-height\":\"desktop:44px;\"}' ><h2 style=\"--font-weight:theme;margin-bottom:8px;\">Impressum<\/h2><\/div><\/div>[vc_separator color=&#8220;custom&#8220; align=&#8220;align_left&#8220; border_width=&#8220;5&#8243; el_width=&#8220;30&#8243; accent_color=&#8220;#ff0000&#8243;][vc_empty_space][vc_column_text]F\u00fcr den Inhalt verantwortlich:<\/p>\n<p>247 Goods<br \/>\nc\/o AE Service GmbH<br \/>\nPeintner Str. 6a<br \/>\nA-4060 Leonding<br \/>\n<a href=\"mailto:office@eventlager.at\">office@eventlager.at<\/a><\/p>\n<p>Gesch\u00e4ftsf\u00fchrender Gesellschafter: Aumair Eric<br \/>\nFirmenbuchnr.: 219979z, Handelsgericht Linz<br \/>\nUID: ATU 54116905<\/p>\n<p>&nbsp;<\/p>\n<h5>BANKVERBINDUNGEN:<\/h5>\n<div align=\"center\">\n<table class=\" alignleft\" border=\"0\" cellspacing=\"0\" cellpadding=\"1\">\n<tbody>\n<tr>\n<td><em>\u00a0Raiffeisenbank Leonding<\/em><\/td>\n<\/tr>\n<tr>\n<td>\u00a0Kontonummer: 42648<\/td>\n<\/tr>\n<tr>\n<td>\u00a0BLZ: 34276<\/td>\n<\/tr>\n<tr>\n<td>\u00a0IBAN:\u00a0AT373427600000042648<\/td>\n<\/tr>\n<tr>\n<td>\u00a0BIC\/SWIFT:\u00a0RZOOAT2L276<\/td>\n<\/tr>\n<\/tbody>\n<\/table>\n<\/div>\n<p>&nbsp;<\/p>\n<p>&nbsp;<\/p>\n<h5><\/h5>\n<p>[\/vc_column_text][\/vc_column][\/vc_row][vc_row el_id=&#8220;agb&#8220;][vc_column]<div id=\"ultimate-heading-785169e325d87f0b2\" class=\"uvc-heading ult-adjust-bottom-margin ultimate-heading-785169e325d87f0b2 uvc-9201 \" data-hspacer=\"no_spacer\"  data-halign=\"left\" style=\"text-align:left\"><div class=\"uvc-heading-spacer no_spacer\" style=\"top\"><\/div><div class=\"uvc-main-heading ult-responsive\"  data-ultimate-target='.uvc-heading.ultimate-heading-785169e325d87f0b2 h2'  data-responsive-json-new='{\"font-size\":\"desktop:34px;\",\"line-height\":\"desktop:44px;\"}' ><h2 style=\"--font-weight:theme;margin-bottom:8px;\">ALLGEMEINE GESCHA\u0308FTSBEDINGUNGEN (AGB)<\/h2><\/div><\/div>[vc_separator color=&#8220;custom&#8220; align=&#8220;align_left&#8220; border_width=&#8220;5&#8243; el_width=&#8220;30&#8243; accent_color=&#8220;#ff0000&#8243;][vc_empty_space][vc_column_text]<\/p>\n<p><strong>1. Allgemeines<\/strong><br \/>\nAlle Liefer-, Zahlungs- oder sonstigen Vereinbarungen mu\u0308ssen auf dem Auftrag festgehalten werden. Mu\u0308ndliche Vereinbarungen, die auf dem Auftrag nicht festgehalten sind, haben keine Gu\u0308ltigkeit.<\/p>\n<p><strong>2. Vertragsschluss<\/strong><br \/>\nDer Kauf- bzw. Liefervertrag kommt erst durch die schriftliche Auftragsbesta\u0308tigung unsererseits zustande. Mu\u0308ndliche Nebenabsprachen sind unverbindlich. Mit der Erteilung des Auftrages erkennt der Ka\u0308ufer die nachstehenden Gescha\u0308ftsbedingungen als Vertragsbestandteile an. Vertragsbestandteile des Bestellers bzw. des Ka\u0308ufers haben nur Gu\u0308ltigkeit, wenn sie von uns ausdru\u0308cklich oder schriftlich anerkannt werden.<br \/>\nUnsere Angebote sind freibleibend. Die dem Angebot beigefu\u0308gten Unterlagen, Zeichnungen usw sind fu\u0308r spa\u0308tere Ausfu\u0308hrungen nicht verbindlich.<br \/>\nDer Besteller bzw. Ka\u0308ufer anerkennt die von uns vorgeschriebenen Zahlungskonditionen als verbindlich. Die Aufrechnung oder Zuru\u0308ckbehaltung wegen irgendwelcher Gegenforderungen, insbesondere Gewa\u0308hrleistungsanspru\u0308che, ist unzula\u0308ssig. Kostenvoranschla\u0308ge sind grundsa\u0308tzlich unverbindlich. Eine etwaige Entgeltlichkeit der Kostenvoranschla\u0308ge ist vorbehalten und wird im Einzelnen vereinbart. Die Erstellung eines Kostenvoranschlages verpflichtet den Auftragnehmer nicht zur Annahme eines Auftrages auf Durchfu\u0308hrung der im Kostenvoranschlag verzeichneten Leistungen.<\/p>\n<p><strong>3. Mietgegensta\u0308nde<\/strong><br \/>\nGemietete Gegensta\u0308nde sind nicht ausschlie\u00dflich neuwertige Objekte. Der Mieter anerkennt die schon bestehenden eventuellen Gebrauchsspuren am Mietgegenstand. Der Mietgegenstand wird nur dem Vertragspartner zur Nutzung u\u0308berlassen. Eine Weitergabe an Dritte ist nur bei ausdru\u0308cklicher Zustimmung des Vermieters zula\u0308ssig. Jede nicht vertragskonforme Nutzung der Gegensta\u0308nde ist unzula\u0308ssig und kann bei Scha\u0308den am Produkt zu Schadenersatzforderungen fu\u0308hren. Jede Vera\u0308nderung am Mietobjekt ist ohne ausdru\u0308cklichem Einversta\u0308ndnis des Vermieters unzula\u0308ssig. Sto\u0308rungen an Mietobjekten sind dem Vermieter unverzu\u0308glich mitzuteilen. Diese fu\u0308hren jedenfalls nicht zu Anspru\u0308chen aus etwaigen Deckungsgescha\u0308ften gegen den Vermieter.<br \/>\nDer Mieter besta\u0308tigt uns gegenu\u0308ber durch Unterfertigung eines Lieferscheines die ordnungsgema\u0308\u00dfe Durchfu\u0308hrung der Lieferung bzw. Aufstellung und die endgu\u0308ltige U\u0308bernahme der Mietgegensta\u0308nde.<\/p>\n<p><strong>4. Zahlung<\/strong><br \/>\nDie Zahlungskonditionen sind unserer Rechnung zu entnehmen.<br \/>\nBei Zahlungsverzug ist der Ka\u0308ufer bzw. Abnehmer verpflichtet, bankma\u0308\u00dfige Verzugszinsen zu bezahlen und die durch die Betreibung der u\u0308berfa\u0308lligen Schuld, direkt oder im Wege einer hierzu in Anspruch genommenen Stelle, entstandenen Kosten zu ersetzen.<\/p>\n<p><strong>5. Lieferfristen<\/strong><br \/>\nWir sind stets bestrebt, die vereinbarten Lieferzeiten nach bestem Wissen und Gewissen pu\u0308nktlich einzuhalten. Wird die Lieferung durch Umsta\u0308nde, die wir nicht verschuldet haben, insbesondere durch Nichteinhaltung der Termine seitens unserer Vorlieferanten, durch Ereignisse ho\u0308herer Gewalt, Verkehrssto\u0308rungen usw ganz oder teilweise verzo\u0308gert, so verla\u0308ngert sich unsere Lieferzeit um die Zeit der Behinderung.<br \/>\nDer von uns zeitgerecht angeku\u0308ndigte Liefertermin gilt als vereinbart, wenn der Kunde diesem Termin nicht bis acht Tage davor schriftlich widersprochen hat. Ist der Besteller zum Lieferzeitpunkt nicht anwesend oder hat er fu\u0308r die Durchfu\u0308hrung der Lieferung nicht die entsprechenden Ma\u00dfnahmen getroffen, gilt die Leistung bzw. das Werk als vom Besteller u\u0308bernommen bzw. angenommen. Mit diesem Zeitpunkt gehen alle Risiken und Kosten, wie zB. Bankspesen, Lagerkosten, zu den angemessenen Preisen (Speditionstarif) zu Lasten des Bestellers. Dies gilt auch bei Teillieferung.<br \/>\nVerpackungskosten ko\u0308nnen branchenu\u0308blich verrechnet werden.<\/p>\n<p><strong>6. Gewa\u0308hrleistung<\/strong><br \/>\nSofort erkennbare Ma\u0308ngel mu\u0308ssen unverzu\u0308glich angezeigt werden. Es gelten die gesetzlichen Gewa\u0308hrleistungsfristen.<br \/>\nHandelsu\u0308blich oder technisch nicht vermeidbare, geringfu\u0308gige Abweichungen berechtigen nicht zur Ma\u0308ngelru\u0308ge. Bei berechtigten Beanstandungen steht es uns zu, innerhalb angemessener Frist durch unseren Servicedienst den Mangel zu beheben. Geringfu\u0308gige Abweichungen bei Naturmaterialien wie Holz und Leder und Abweichungen bei Farbto\u0308nen stellen keinen Mangel dar. Eine erhobene Ma\u0308ngelru\u0308ge berechtigt den Besteller nicht zur Zuru\u0308ckbehaltung des Entgeltes; der Besteller verzichtet ausdru\u0308cklich auf dieses Recht.<\/p>\n<p><strong>7. Eigentumsvorbehalt<\/strong><br \/>\nDie gelieferten Waren bleiben bis zur vollsta\u0308ndigen Zahlung unserer sa\u0308mtlichen aus dem Kaufvertrag bestehenden Forderungen unser alleiniges Eigentum.<br \/>\nFu\u0308r die Dauer unseres Eigentumsvorbehaltes verpflichtet sich der Ka\u0308ufer, die gelieferte Ware schonend zu behandeln und uns von einem allfa\u0308lligen Zugriff Dritter unverzu\u0308glich per Einschreiben zu versta\u0308ndigen.<br \/>\nEntwu\u0308rfe, Skizzen, Zeichnungen, Planungen und sonstige Unterlagen stellen unser geistiges Eigentum dar. Sie du\u0308rfen ohne unsere schriftliche Erma\u0308chtigung weder kopiert, noch dritten Personen zuga\u0308nglich gemacht werden. Diese Unterlagen sind auf unser Verlangen unverzu\u0308glich zuru\u0308ckzugeben.<\/p>\n<p><strong>8. Salvatorische Klausel<\/strong><br \/>\nWird Nichtigkeit oder Rechtsungu\u0308ltigkeit einzelner Bestimmungen festgestellt, so wird dadurch die Rechtswirksamkeit der u\u0308brigen Liefer- und Zahlungsbedingungen nicht beru\u0308hrt.<\/p>\n<p><strong>9. Anzuwendendes Recht und Gerichtsstand<\/strong><br \/>\nEs gilt das Recht der Republik O\u0308sterreich.<br \/>\nErfu\u0308llungsort fu\u0308r Lieferung und Zahlung ist Pasching. Gerichtsstand ist \u2013 sofern das Gesetz nichts anderes zwingend vorsieht \u2013 Linz.[\/vc_column_text][\/vc_column][\/vc_row][vc_row el_id=&#8220;datenschutz&#8220;][vc_column]<div id=\"ultimate-heading-441869e325d87f0d8\" class=\"uvc-heading ult-adjust-bottom-margin ultimate-heading-441869e325d87f0d8 uvc-9150 \" data-hspacer=\"no_spacer\"  data-halign=\"left\" style=\"text-align:left\"><div class=\"uvc-heading-spacer no_spacer\" style=\"top\"><\/div><div class=\"uvc-main-heading ult-responsive\"  data-ultimate-target='.uvc-heading.ultimate-heading-441869e325d87f0d8 h2'  data-responsive-json-new='{\"font-size\":\"desktop:34px;\",\"line-height\":\"desktop:44px;\"}' ><h2 style=\"--font-weight:theme;margin-bottom:8px;\">Datenschutzerkl\u00e4rung<\/h2><\/div><\/div>[vc_separator color=&#8220;custom&#8220; align=&#8220;align_left&#8220; border_width=&#8220;5&#8243; el_width=&#8220;30&#8243; accent_color=&#8220;#ff0000&#8243;][vc_empty_space][vc_column_text]Diese Website benutzt Google\u2122 Analytics, einen Webanalysedienst der Google Inc. (&#8222;Google&#8220;). Google Analytics verwendet sog. &#8222;Cookies&#8220;, Textdateien, die auf Ihrem Computer gespeichert werden und die eine Analyse der Benutzung der Website durch Sie erm\u00f6glichen. Die durch den Cookie erzeugten Informationen \u00fcber Ihre Benutzung dieser Website (einschlie\u00dflich Ihrer IP-Adresse) wird an einen Server von Google in den USA \u00fcbertragen und dort gespeichert. Google wird diese Informationen benutzen, um Ihre Nutzung der Website auszuwerten, um Reports \u00fcber die Websiteaktivit\u00e4ten f\u00fcr die Websitebetreiber zusammenzustellen und um weitere mit der Websitenutzung und der Internetnutzung verbundene Dienstleistungen zu erbringen. Auch wird Google diese Informationen gegebenenfalls an Dritte \u00fcbertragen, sofern dies gesetzlich vorgeschrieben oder soweit Dritte diese Daten im Auftrag von Google verarbeiten. Google wird in keinem Fall Ihre IP-Adresse mit anderen Daten von Google in Verbindung bringen. Sie k\u00f6nnen die Installation der Cookies durch eine entsprechende Einstellung Ihrer Browser Software verhindern; wir weisen Sie jedoch darauf hin, dass Sie in diesem Fall gegebenenfalls nicht s\u00e4mtliche Funktionen dieser Website vollumf\u00e4nglich nutzen k\u00f6nnen. Durch die Nutzung dieser Website erkl\u00e4ren Sie sich mit der Bearbeitung der \u00fcber Sie erhobenen Daten durch Google in der zuvor beschriebenen Art und Weise und zu dem zuvor benannten Zweck einverstanden. Das Deaktivierungs-Add-on f\u00fcr Browser von Google Analytics gibt dem Website-Besucher mehr Kontrolle dar\u00fcber, welche Daten zu aufgerufenen Websites von Google Analytics erfasst werden. Sollten Sie keine Speicherung Ihrer Daten w\u00fcnschen, installieren Sie sich bitte das von Google bereitgestellte De-Aktivierungswerkzeug unter\u00a0<a href=\"https:\/\/tools.google.com\/dlpage\/gaoptout?hl=de\" target=\"_blank\" rel=\"noopener\">http:\/\/tools.google.com\/dlpage\/gaoptout?hl=de<\/a>.<\/p>\n<p>N\u00e4here Informationen hierzu finden Sie unter\u00a0<a href=\"https:\/\/tools.google.com\/dlpage\/gaoptout?hl=de\">http:\/\/tools.google.com\/dlpage\/gaoptout?hl=de<\/a>\u00a0bzw. unter\u00a0<a href=\"https:\/\/www.google.com\/intl\/de\/analytics\/privacyoverview.html\">http:\/\/www.google.com\/intl\/de\/analytics\/privacyoverview.html<\/a>\u00a0(allgemeine Informationen zu Google Analytics und Datenschutz). Wir weisen Sie darauf hin, dass auf dieser Webseite Google Analytics um den Code \u201egat._anonymizeIp();\u201c erweitert wurde, um eine anonymisierte Erfassung von IP-Adressen (sog. IP-Masking) zu gew\u00e4hrleisten.[\/vc_column_text][\/vc_column][\/vc_row]<\/p>\n","protected":false},"excerpt":{"rendered":"<p>[vc_row][vc_column][vc_separator color=&#8220;custom&#8220; align=&#8220;align_left&#8220; border_width=&#8220;5&#8243; el_width=&#8220;30&#8243; accent_color=&#8220;#ff0000&#8243;][vc_empty_space][vc_column_text]F\u00fcr den Inhalt verantwortlich: 247 Goods c\/o AE Service GmbH Peintner Str. 6a A-4060 Leonding office@eventlager.at Gesch\u00e4ftsf\u00fchrender Gesellschafter: Aumair Eric Firmenbuchnr.: 219979z, Handelsgericht Linz UID: ATU 54116905 &nbsp; BANKVERBINDUNGEN: \u00a0Raiffeisenbank Leonding \u00a0Kontonummer: 42648 \u00a0BLZ: 34276 \u00a0IBAN:\u00a0AT373427600000042648 \u00a0BIC\/SWIFT:\u00a0RZOOAT2L276 &nbsp; &nbsp; [\/vc_column_text][\/vc_column][\/vc_row][vc_row el_id=&#8220;agb&#8220;][vc_column][vc_separator color=&#8220;custom&#8220; align=&#8220;align_left&#8220; border_width=&#8220;5&#8243; el_width=&#8220;30&#8243; accent_color=&#8220;#ff0000&#8243;][vc_empty_space][vc_column_text] 1. Allgemeines Alle Liefer-,&hellip;<\/p>\n","protected":false},"author":1,"featured_media":0,"parent":0,"menu_order":0,"comment_status":"closed","ping_status":"closed","template":"","meta":{"footnotes":""},"_links":{"self":[{"href":"https:\/\/lagercity.at\/index.php\/wp-json\/wp\/v2\/pages\/15124"}],"collection":[{"href":"https:\/\/lagercity.at\/index.php\/wp-json\/wp\/v2\/pages"}],"about":[{"href":"https:\/\/lagercity.at\/index.php\/wp-json\/wp\/v2\/types\/page"}],"author":[{"embeddable":true,"href":"https:\/\/lagercity.at\/index.php\/wp-json\/wp\/v2\/users\/1"}],"replies":[{"embeddable":true,"href":"https:\/\/lagercity.at\/index.php\/wp-json\/wp\/v2\/comments?post=15124"}],"version-history":[{"count":3,"href":"https:\/\/lagercity.at\/index.php\/wp-json\/wp\/v2\/pages\/15124\/revisions"}],"predecessor-version":[{"id":15130,"href":"https:\/\/lagercity.at\/index.php\/wp-json\/wp\/v2\/pages\/15124\/revisions\/15130"}],"wp:attachment":[{"href":"https:\/\/lagercity.at\/index.php\/wp-json\/wp\/v2\/media?parent=15124"}],"curies":[{"name":"wp","href":"https:\/\/api.w.org\/{rel}","templated":true}]}}